{"id":278,"date":"2022-01-14T15:49:03","date_gmt":"2022-01-14T14:49:03","guid":{"rendered":"https:\/\/fricompost.ch\/?page_id=278"},"modified":"2025-12-01T13:44:43","modified_gmt":"2025-12-01T12:44:43","slug":"produits","status":"publish","type":"page","link":"https:\/\/fricompost.ch\/fr\/produits\/","title":{"rendered":"Produits"},"content":{"rendered":"\n<p>Vous avez la possibilit\u00e9 d&rsquo;acheter des terreaux et des engrais riches en nutriments ainsi que des produits d\u00e9coratifs d\u00e9riv\u00e9s du bois sur nos deux sites de Posieux et d&rsquo;Avenches. Nos produits conviennent aussi bien \u00e0 une utilisation pour le jardinage que pour l&rsquo;agriculture.<\/p>\n\n\n\n<h2 class=\"wp-block-heading\" id=\"offenprodukte\"><strong>Produits en vrac<\/strong><\/h2>\n\n\n\n<figure class=\"wp-block-table table\"><table><thead><tr><th>Produits fertilisants<\/th><th>CHF \/ t<\/th><th>Poids sp\u00e9cifique<\/th><th>CHF \/ m<sup>3<\/sup><\/th><\/tr><\/thead><tbody><tr><td><a href=\"https:\/\/fricompost.ch\/wp-content\/uploads\/2022\/04\/Fricompost_Factsheet-Naturdu\u0308nger_FR.pdf\" data-type=\"URL\" data-id=\"https:\/\/fricompost.ch\/wp-content\/uploads\/2022\/04\/Fricompost_Factsheet-Naturdu\u0308nger_FR.pdf\" target=\"_blank\" rel=\"noreferrer noopener\">Compost frais<\/a><\/td><td>8.10<\/td><td>800 kg \/ m<sup>3<\/sup><\/td><td>6.50<\/td><\/tr><\/tbody><\/table><\/figure>\n\n\n\n<figure class=\"wp-block-table table\"><table><thead><tr><th>Produits de terreau<\/th><th>CHF \/ t<\/th><th>Poids sp\u00e9cifique<\/th><th>CHF \/ m<sup>3<\/sup><\/th><\/tr><\/thead><tbody><tr><td><a href=\"https:\/\/fricompost.ch\/wp-content\/uploads\/2022\/04\/Fricompost_Produktflyer_Komposterde-10mm_FR.pdf\" data-type=\"URL\" data-id=\"https:\/\/fricompost.ch\/wp-content\/uploads\/2022\/04\/Fricompost_Produktflyer_Komposterde-10mm_FR.pdf\" target=\"_blank\" rel=\"noreferrer noopener\">Terreau de compost 10 mm<\/a><br>(Uniquement sur le site de Posieux)<\/td><td>129.80<\/td><td> 760 kg \/ m<sup>3<\/sup> <\/td><td>98.65<\/td><\/tr><tr><td><a href=\"https:\/\/fricompost.ch\/wp-content\/uploads\/2022\/04\/Fricompost_Produktflyer_Komposterde-20mm_FR.pdf\" data-type=\"URL\" data-id=\"https:\/\/fricompost.ch\/wp-content\/uploads\/2022\/04\/Fricompost_Produktflyer_Komposterde-20mm_FR.pdf\" target=\"_blank\" rel=\"noreferrer noopener\">Terreau de compost 20 mm<\/a><\/td><td>80.30<\/td><td> 800 kg \/ m<sup>3<\/sup> <\/td><td>64.25<\/td><\/tr><tr><td><a href=\"https:\/\/fricompost.ch\/wp-content\/uploads\/2022\/05\/220066_Fricompost_Produktflyer_Gartenhumus_2022_FR.pdf\" target=\"_blank\" rel=\"noreferrer noopener\">Terreau pour jardin<\/a>\u2009*<\/td><td>99.20<\/td><td> 1000 kg \/ m<sup>3<\/sup> <\/td><td>99.20<\/td><\/tr><tr><td><a data-type=\"URL\" data-id=\"https:\/\/fricompost.ch\/wp-content\/uploads\/2022\/04\/Fricompost_Produktflyer_Rasenerde_FR.pdf\" href=\"https:\/\/fricompost.ch\/wp-content\/uploads\/2022\/04\/Fricompost_Produktflyer_Rasenerde_FR.pdf\" target=\"_blank\" rel=\"noreferrer noopener\">Terreau pour <\/a><a href=\"https:\/\/fricompost.ch\/wp-content\/uploads\/2025\/02\/220066_Fricompost_Produktflyer_Rasenerde_mit-Pflanzenkohle_f_print.pdf\" target=\"_blank\" rel=\"noreferrer noopener\">gazon<\/a><\/td><td>139.80<\/td><td>800 kg \/ m<sup>3<\/sup><\/td><td>111.85<\/td><\/tr><tr><td><a href=\"https:\/\/fricompost.ch\/wp-content\/uploads\/2022\/04\/Fricompost_Produktflyer_Humus-0-40-mm_FR.pdf\" data-type=\"URL\" data-id=\"https:\/\/fricompost.ch\/wp-content\/uploads\/2022\/04\/Fricompost_Produktflyer_Humus-0-40-mm_FR.pdf\" target=\"_blank\" rel=\"noreferrer noopener\">Terre v\u00e9g\u00e9tale 0\u201340\u2009mm<\/a>\u2009*<\/td><td>60.60<\/td><td> 1100 kg \/ m<sup>3<\/sup> <\/td><td>66.65<\/td><\/tr><\/tbody><\/table><\/figure>\n\n\n\n<figure class=\"wp-block-table table\"><table><thead><tr><th>Produits de bois<\/th><th>CHF \/ t<\/th><th>Poids sp\u00e9cifique<\/th><th>CHF \/ m<sup>3<\/sup><\/th><\/tr><\/thead><tbody><tr><td><a href=\"https:\/\/fricompost.ch\/wp-content\/uploads\/2022\/04\/Fricompost_Produktflyer_Holzschnitzel_FR.pdf\" data-type=\"URL\" data-id=\"https:\/\/fricompost.ch\/wp-content\/uploads\/2022\/04\/Fricompost_Produktflyer_Holzschnitzel_FR.pdf\" target=\"_blank\" rel=\"noreferrer noopener\">Copeaux de bois<\/a><\/td><td>267.50<\/td><td> 260 kg \/ m<sup>3<\/sup> <\/td><td>69.55<\/td><\/tr><tr><td><a href=\"https:\/\/fricompost.ch\/wp-content\/uploads\/2022\/04\/Fricompost_Produktflyer_Rindendekor_FR.pdf\" data-type=\"URL\" data-id=\"https:\/\/fricompost.ch\/wp-content\/uploads\/2022\/04\/Fricompost_Produktflyer_Rindendekor_FR.pdf\" target=\"_blank\" rel=\"noreferrer noopener\">Ecorce d\u2019ornement<\/a><\/td><td>201.70<\/td><td> 300 kg \/ m<sup>3<\/sup> <\/td><td>60.50<\/td><\/tr><tr><td><a href=\"https:\/\/fricompost.ch\/wp-content\/uploads\/2022\/04\/Fricompost_Produktflyer_Rindendekor_FR.pdf\" data-type=\"URL\" data-id=\"https:\/\/fricompost.ch\/wp-content\/uploads\/2022\/04\/Fricompost_Produktflyer_Rindendekor_FR.pdf\" target=\"_blank\" rel=\"noreferrer noopener\">Ecorce d\u2019ornement calibr\u00e9e<\/a><br>(Uniquement sur le site de Posieux)<\/td><td>220.30<\/td><td> 300 kg \/ m<sup>3<\/sup> <\/td><td>66.10<\/td><\/tr><tr><td>Mat\u00e9riel de couverture<\/td><td>138.80<\/td><td> 260 kg \/ m<sup>3<\/sup> <\/td><td>36.10<\/td><\/tr><\/tbody><\/table><\/figure>\n\n\n\n<p class=\"page-comments\">Prix hors TVA<\/p>\n\n\n\n<p class=\"page-comments\">*\u2009Terre v\u00e9g\u00e9tale non hygi\u00e9nis\u00e9e<\/p>\n\n\n\n<p class=\"page-comments\">Le poids sp\u00e9cifique et le prix en CHF \/ m<sup>3<\/sup> sont indiqu\u00e9s uniquement \u00e0 des fins de comparaison. La densit\u00e9 suppos\u00e9e repr\u00e9sente une valeur de r\u00e9f\u00e9rence moyenne et est soumise \u00e0 des variations naturelles. L\u2019indication de prix CHF\u2009\/\u2009t est celle qui est valable, car seul le poids de la marchandise est d\u00e9termin\u00e9 sur place.<\/p>\n\n\n\n<h2 class=\"wp-block-heading\" id=\"marchandiseensac\">Marchandise en sac<\/h2>\n\n\n\n<figure class=\"wp-block-table table\"><table><thead><tr><th>Marchandise en sac<\/th><th>Volume<\/th><th>CHF<\/th><\/tr><\/thead><tbody><tr><td><a data-type=\"URL\" data-id=\"https:\/\/fricompost.ch\/wp-content\/uploads\/2022\/04\/Fricompost_Produktflyer_Komposterde-10mm_FR.pdf\" href=\"https:\/\/fricompost.ch\/wp-content\/uploads\/2022\/04\/Fricompost_Produktflyer_Komposterde-10mm_FR.pdf\" target=\"_blank\" rel=\"noreferrer noopener\">Terreau de compost <\/a><\/td><td>30 l<\/td><td>8.\u2013<\/td><\/tr><tr><td><a href=\"https:\/\/fricompost.ch\/wp-content\/uploads\/2022\/04\/Fricompost_Produktflyer_Universalerde_Sackware_FR.pdf\" data-type=\"URL\" data-id=\"https:\/\/fricompost.ch\/wp-content\/uploads\/2022\/04\/Fricompost_Produktflyer_Universalerde_Sackware_FR.pdf\" target=\"_blank\" rel=\"noreferrer noopener\">Terreau universel<\/a>\u2009*<\/td><td>30 l<\/td><td>10.\u2013<\/td><\/tr><tr><td><a href=\"https:\/\/fricompost.ch\/wp-content\/uploads\/2022\/04\/220066_Fricompost_Produktflyer_Naturduenger_FR.pdf\" data-type=\"URL\" data-id=\"https:\/\/fricompost.ch\/wp-content\/uploads\/2022\/04\/220066_Fricompost_Produktflyer_Naturduenger_FR.pdf\" target=\"_blank\" rel=\"noreferrer noopener\">Engrais naturel<\/a><\/td><td>50 l<\/td><td>7.\u2013<\/td><\/tr><tr><td><a href=\"https:\/\/fricompost.ch\/wp-content\/uploads\/2022\/04\/Fricompost_Produktflyer_Holzschnitzel_FR.pdf\" data-type=\"URL\" data-id=\"https:\/\/fricompost.ch\/wp-content\/uploads\/2022\/04\/Fricompost_Produktflyer_Holzschnitzel_FR.pdf\" target=\"_blank\" rel=\"noreferrer noopener\">Copeaux de bois<\/a><\/td><td>70 l<\/td><td>13.\u2013<\/td><\/tr><\/tbody><\/table><\/figure>\n\n\n\n<p class=\"page-comments\">Prix TVA incluse<\/p>\n\n\n\n<p class=\"page-comments\">*\u2009Terre v\u00e9g\u00e9tale non hygi\u00e9nis\u00e9e<\/p>\n\n\n\n<h2 class=\"wp-block-heading\" id=\"naturbett-pferdeeinstreu\">La liti\u00e8re lit naturel<sup>\u00ae<\/sup><\/h2>\n\n\n\n<p>Les produits de liti\u00e8re suisses durables, pour les chevaux et la volaille, sont fabriqu\u00e9s \u00e0 partir de bois fin et de mat\u00e9riaux utilis\u00e9s \u00e0 l&rsquo;origine pour la production d\u2019\u00e9nergie, dans l\u2019esprit d\u2019une utilisation optimale des ressources.&nbsp;Apr\u00e8s son utilisation dans l\u2019\u00e9curie ou le poulailler, le produit peut \u00eatre imm\u00e9diatement utilis\u00e9 comme engrais dans l\u2019agriculture ou le jardin, ce qui permet de boucler le cycle \u00e9cologique.<\/p>\n\n\n\n<p>Les produits peuvent \u00eatre command\u00e9s en ligne et livr\u00e9s gratuitement sur&nbsp;<a href=\"https:\/\/naturbett-einstreu.ch\/fr\/\" target=\"_blank\" rel=\"noreferrer noopener\">naturbett-einstreu.ch<\/a>.<\/p>\n\n\n\n<h3 class=\"wp-block-heading\" id=\"annahme-und-verkaufsbedingungen\">Conditions d\u2019acceptation et de vente<\/h3>\n\n\n\n<p>Les prix de vente par tonne ou par m\u00e8tre cube s\u2019entendent charg\u00e9s m\u00e9cani\u00adquement au d\u00e9part de l\u2019installation. Paiement dans les 30 jours suivant la facturation. Les d\u00e9ductions non justifi\u00e9es seront factur\u00e9es ult\u00e9rieurement. Les particuliers peuvent effectuer leurs achats soit en esp\u00e8ces, par Twint ou alternativement par carte de cr\u00e9dit directement sur place. Les professionnels b\u00e9n\u00e9ficient d\u2019une remise de 15\u2009% sur les produits en vente (uniquement sur les produits en vrac).<\/p>\n\n\n\n<h3 class=\"wp-block-heading\" id=\"kleinmengenzuschlag\">Suppl\u00e9ment pour petites quantit\u00e9s<\/h3>\n\n\n\n<p>Un montant minimum de facturation de 30 CHF s\u2019applique. Les factures d\u2019un montant inf\u00e9rieur sont automatiquement port\u00e9es \u00e0 30 CHF (suppl\u00e9ment pour petites quantit\u00e9s). Cette r\u00e8gle ne s\u2019applique pas en cas de paiement en esp\u00e8ces.<\/p>\n\n\n\n<h3 class=\"wp-block-heading\" id=\"lieferung\">Livraison<\/h3>\n\n\n\n<p>Sur le site de Posieux, nous proposons, en plus de l\u2019enl\u00e8vement de nos produits de vente, une livraison. Contactez-nous en cas de besoin. Nous nous ferons un plaisir de vous soumettre une offre correspondante.<\/p>\n\n\n\n<h3 class=\"wp-block-heading\" id=\"bio-zertifizierung\">Certification BIO<\/h3>\n\n\n\n<p>Nos engrais et certains produits de terreau sont homologu\u00e9s pour l\u2019utilisation en agriculture biologique (Liste des intrants FiBL).<\/p>\n","protected":false},"excerpt":{"rendered":"<p>Vous avez la possibilit\u00e9 d&rsquo;acheter des terreaux et des engrais riches en nutriments ainsi que des produits d\u00e9coratifs d\u00e9riv\u00e9s du bois sur nos deux sites de Posieux et d&rsquo;Avenches. Nos produits conviennent aussi bien \u00e0 une utilisation pour le jardinage que pour l&rsquo;agriculture. Produits en vrac Produits fertilisants CHF \/ t Poids sp\u00e9cifique CHF \/ [&hellip;]<\/p>\n","protected":false},"author":1,"featured_media":264,"parent":0,"menu_order":0,"comment_status":"closed","ping_status":"closed","template":"","meta":{"_acf_changed":false,"footnotes":""},"class_list":["post-278","page","type-page","status-publish","has-post-thumbnail","hentry"],"acf":[],"yoast_head":"<!-- This site is optimized with the Yoast SEO plugin v27.3 - https:\/\/yoast.com\/product\/yoast-seo-wordpress\/ -->\n<title>Produits - Fricompost<\/title>\n<meta name=\"robots\" content=\"index, follow, max-snippet:-1, max-image-preview:large, max-video-preview:-1\" \/>\n<link rel=\"canonical\" href=\"https:\/\/fricompost.ch\/fr\/produits\/\" \/>\n<meta property=\"og:locale\" content=\"fr_FR\" \/>\n<meta property=\"og:type\" content=\"article\" \/>\n<meta property=\"og:title\" content=\"Produits - Fricompost\" \/>\n<meta property=\"og:description\" content=\"Vous avez la possibilit\u00e9 d&rsquo;acheter des terreaux et des engrais riches en nutriments ainsi que des produits d\u00e9coratifs d\u00e9riv\u00e9s du bois sur nos deux sites de Posieux et d&rsquo;Avenches. Nos produits conviennent aussi bien \u00e0 une utilisation pour le jardinage que pour l&rsquo;agriculture. Produits en vrac Produits fertilisants CHF \/ t Poids sp\u00e9cifique CHF \/ [&hellip;]\" \/>\n<meta property=\"og:url\" content=\"https:\/\/fricompost.ch\/fr\/produits\/\" \/>\n<meta property=\"og:site_name\" content=\"Fricompost\" \/>\n<meta property=\"article:modified_time\" content=\"2025-12-01T12:44:43+00:00\" \/>\n<meta property=\"og:image\" content=\"https:\/\/fricompost.ch\/wp-content\/uploads\/2022\/02\/Header_Home.jpg\" \/>\n\t<meta property=\"og:image:width\" content=\"1920\" \/>\n\t<meta property=\"og:image:height\" content=\"600\" \/>\n\t<meta property=\"og:image:type\" content=\"image\/jpeg\" \/>\n<meta name=\"twitter:card\" content=\"summary_large_image\" \/>\n<meta name=\"twitter:label1\" content=\"Dur\u00e9e de lecture estim\u00e9e\" \/>\n\t<meta name=\"twitter:data1\" content=\"4 minutes\" \/>\n<script type=\"application\/ld+json\" class=\"yoast-schema-graph\">{\"@context\":\"https:\\\/\\\/schema.org\",\"@graph\":[{\"@type\":\"WebPage\",\"@id\":\"https:\\\/\\\/fricompost.ch\\\/fr\\\/produits\\\/\",\"url\":\"https:\\\/\\\/fricompost.ch\\\/fr\\\/produits\\\/\",\"name\":\"Produits - Fricompost\",\"isPartOf\":{\"@id\":\"https:\\\/\\\/fricompost.ch\\\/fr\\\/#website\"},\"primaryImageOfPage\":{\"@id\":\"https:\\\/\\\/fricompost.ch\\\/fr\\\/produits\\\/#primaryimage\"},\"image\":{\"@id\":\"https:\\\/\\\/fricompost.ch\\\/fr\\\/produits\\\/#primaryimage\"},\"thumbnailUrl\":\"https:\\\/\\\/fricompost.ch\\\/wp-content\\\/uploads\\\/2022\\\/02\\\/Header_Home.jpg\",\"datePublished\":\"2022-01-14T14:49:03+00:00\",\"dateModified\":\"2025-12-01T12:44:43+00:00\",\"breadcrumb\":{\"@id\":\"https:\\\/\\\/fricompost.ch\\\/fr\\\/produits\\\/#breadcrumb\"},\"inLanguage\":\"fr-FR\",\"potentialAction\":[{\"@type\":\"ReadAction\",\"target\":[\"https:\\\/\\\/fricompost.ch\\\/fr\\\/produits\\\/\"]}]},{\"@type\":\"ImageObject\",\"inLanguage\":\"fr-FR\",\"@id\":\"https:\\\/\\\/fricompost.ch\\\/fr\\\/produits\\\/#primaryimage\",\"url\":\"https:\\\/\\\/fricompost.ch\\\/wp-content\\\/uploads\\\/2022\\\/02\\\/Header_Home.jpg\",\"contentUrl\":\"https:\\\/\\\/fricompost.ch\\\/wp-content\\\/uploads\\\/2022\\\/02\\\/Header_Home.jpg\",\"width\":1920,\"height\":600},{\"@type\":\"BreadcrumbList\",\"@id\":\"https:\\\/\\\/fricompost.ch\\\/fr\\\/produits\\\/#breadcrumb\",\"itemListElement\":[{\"@type\":\"ListItem\",\"position\":1,\"name\":\"Home\",\"item\":\"https:\\\/\\\/fricompost.ch\\\/fr\\\/\"},{\"@type\":\"ListItem\",\"position\":2,\"name\":\"Produits\"}]},{\"@type\":\"WebSite\",\"@id\":\"https:\\\/\\\/fricompost.ch\\\/fr\\\/#website\",\"url\":\"https:\\\/\\\/fricompost.ch\\\/fr\\\/\",\"name\":\"Fricompost\",\"description\":\"Fricompost\",\"publisher\":{\"@id\":\"https:\\\/\\\/fricompost.ch\\\/fr\\\/#organization\"},\"potentialAction\":[{\"@type\":\"SearchAction\",\"target\":{\"@type\":\"EntryPoint\",\"urlTemplate\":\"https:\\\/\\\/fricompost.ch\\\/fr\\\/?s={search_term_string}\"},\"query-input\":{\"@type\":\"PropertyValueSpecification\",\"valueRequired\":true,\"valueName\":\"search_term_string\"}}],\"inLanguage\":\"fr-FR\"},{\"@type\":\"Organization\",\"@id\":\"https:\\\/\\\/fricompost.ch\\\/fr\\\/#organization\",\"name\":\"Fricompost SA\",\"url\":\"https:\\\/\\\/fricompost.ch\\\/fr\\\/\",\"logo\":{\"@type\":\"ImageObject\",\"inLanguage\":\"fr-FR\",\"@id\":\"https:\\\/\\\/fricompost.ch\\\/fr\\\/#\\\/schema\\\/logo\\\/image\\\/\",\"url\":\"https:\\\/\\\/fricompost.ch\\\/wp-content\\\/uploads\\\/2022\\\/06\\\/logo-fricompost.png\",\"contentUrl\":\"https:\\\/\\\/fricompost.ch\\\/wp-content\\\/uploads\\\/2022\\\/06\\\/logo-fricompost.png\",\"width\":721,\"height\":200,\"caption\":\"Fricompost SA\"},\"image\":{\"@id\":\"https:\\\/\\\/fricompost.ch\\\/fr\\\/#\\\/schema\\\/logo\\\/image\\\/\"}}]}<\/script>\n<!-- \/ Yoast SEO plugin. -->","yoast_head_json":{"title":"Produits - Fricompost","robots":{"index":"index","follow":"follow","max-snippet":"max-snippet:-1","max-image-preview":"max-image-preview:large","max-video-preview":"max-video-preview:-1"},"canonical":"https:\/\/fricompost.ch\/fr\/produits\/","og_locale":"fr_FR","og_type":"article","og_title":"Produits - Fricompost","og_description":"Vous avez la possibilit\u00e9 d&rsquo;acheter des terreaux et des engrais riches en nutriments ainsi que des produits d\u00e9coratifs d\u00e9riv\u00e9s du bois sur nos deux sites de Posieux et d&rsquo;Avenches. Nos produits conviennent aussi bien \u00e0 une utilisation pour le jardinage que pour l&rsquo;agriculture. Produits en vrac Produits fertilisants CHF \/ t Poids sp\u00e9cifique CHF \/ [&hellip;]","og_url":"https:\/\/fricompost.ch\/fr\/produits\/","og_site_name":"Fricompost","article_modified_time":"2025-12-01T12:44:43+00:00","og_image":[{"width":1920,"height":600,"url":"https:\/\/fricompost.ch\/wp-content\/uploads\/2022\/02\/Header_Home.jpg","type":"image\/jpeg"}],"twitter_card":"summary_large_image","twitter_misc":{"Dur\u00e9e de lecture estim\u00e9e":"4 minutes"},"schema":{"@context":"https:\/\/schema.org","@graph":[{"@type":"WebPage","@id":"https:\/\/fricompost.ch\/fr\/produits\/","url":"https:\/\/fricompost.ch\/fr\/produits\/","name":"Produits - Fricompost","isPartOf":{"@id":"https:\/\/fricompost.ch\/fr\/#website"},"primaryImageOfPage":{"@id":"https:\/\/fricompost.ch\/fr\/produits\/#primaryimage"},"image":{"@id":"https:\/\/fricompost.ch\/fr\/produits\/#primaryimage"},"thumbnailUrl":"https:\/\/fricompost.ch\/wp-content\/uploads\/2022\/02\/Header_Home.jpg","datePublished":"2022-01-14T14:49:03+00:00","dateModified":"2025-12-01T12:44:43+00:00","breadcrumb":{"@id":"https:\/\/fricompost.ch\/fr\/produits\/#breadcrumb"},"inLanguage":"fr-FR","potentialAction":[{"@type":"ReadAction","target":["https:\/\/fricompost.ch\/fr\/produits\/"]}]},{"@type":"ImageObject","inLanguage":"fr-FR","@id":"https:\/\/fricompost.ch\/fr\/produits\/#primaryimage","url":"https:\/\/fricompost.ch\/wp-content\/uploads\/2022\/02\/Header_Home.jpg","contentUrl":"https:\/\/fricompost.ch\/wp-content\/uploads\/2022\/02\/Header_Home.jpg","width":1920,"height":600},{"@type":"BreadcrumbList","@id":"https:\/\/fricompost.ch\/fr\/produits\/#breadcrumb","itemListElement":[{"@type":"ListItem","position":1,"name":"Home","item":"https:\/\/fricompost.ch\/fr\/"},{"@type":"ListItem","position":2,"name":"Produits"}]},{"@type":"WebSite","@id":"https:\/\/fricompost.ch\/fr\/#website","url":"https:\/\/fricompost.ch\/fr\/","name":"Fricompost","description":"Fricompost","publisher":{"@id":"https:\/\/fricompost.ch\/fr\/#organization"},"potentialAction":[{"@type":"SearchAction","target":{"@type":"EntryPoint","urlTemplate":"https:\/\/fricompost.ch\/fr\/?s={search_term_string}"},"query-input":{"@type":"PropertyValueSpecification","valueRequired":true,"valueName":"search_term_string"}}],"inLanguage":"fr-FR"},{"@type":"Organization","@id":"https:\/\/fricompost.ch\/fr\/#organization","name":"Fricompost SA","url":"https:\/\/fricompost.ch\/fr\/","logo":{"@type":"ImageObject","inLanguage":"fr-FR","@id":"https:\/\/fricompost.ch\/fr\/#\/schema\/logo\/image\/","url":"https:\/\/fricompost.ch\/wp-content\/uploads\/2022\/06\/logo-fricompost.png","contentUrl":"https:\/\/fricompost.ch\/wp-content\/uploads\/2022\/06\/logo-fricompost.png","width":721,"height":200,"caption":"Fricompost SA"},"image":{"@id":"https:\/\/fricompost.ch\/fr\/#\/schema\/logo\/image\/"}}]}},"_links":{"self":[{"href":"https:\/\/fricompost.ch\/fr\/wp-json\/wp\/v2\/pages\/278","targetHints":{"allow":["GET"]}}],"collection":[{"href":"https:\/\/fricompost.ch\/fr\/wp-json\/wp\/v2\/pages"}],"about":[{"href":"https:\/\/fricompost.ch\/fr\/wp-json\/wp\/v2\/types\/page"}],"author":[{"embeddable":true,"href":"https:\/\/fricompost.ch\/fr\/wp-json\/wp\/v2\/users\/1"}],"replies":[{"embeddable":true,"href":"https:\/\/fricompost.ch\/fr\/wp-json\/wp\/v2\/comments?post=278"}],"version-history":[{"count":13,"href":"https:\/\/fricompost.ch\/fr\/wp-json\/wp\/v2\/pages\/278\/revisions"}],"predecessor-version":[{"id":701,"href":"https:\/\/fricompost.ch\/fr\/wp-json\/wp\/v2\/pages\/278\/revisions\/701"}],"wp:featuredmedia":[{"embeddable":true,"href":"https:\/\/fricompost.ch\/fr\/wp-json\/wp\/v2\/media\/264"}],"wp:attachment":[{"href":"https:\/\/fricompost.ch\/fr\/wp-json\/wp\/v2\/media?parent=278"}],"curies":[{"name":"wp","href":"https:\/\/api.w.org\/{rel}","templated":true}]}}